{"id":482,"date":"2025-10-09T08:46:29","date_gmt":"2025-10-09T06:46:29","guid":{"rendered":"https:\/\/ecityup.pl\/info\/?page_id=482"},"modified":"2025-10-09T08:46:30","modified_gmt":"2025-10-09T06:46:30","slug":"polityka-cookies","status":"publish","type":"page","link":"https:\/\/ecityup.pl\/info\/polityka-cookies\/","title":{"rendered":"Polityka cookies"},"content":{"rendered":"<style>.kb-row-layout-id482_5b0405-36 > .kt-row-column-wrap{align-content:start;}:where(.kb-row-layout-id482_5b0405-36 > .kt-row-column-wrap) > .wp-block-kadence-column{justify-content:start;}.kb-row-layout-id482_5b0405-36 > .kt-row-column-wrap{column-gap:var(--global-kb-gap-md, 2rem);row-gap:var(--global-kb-gap-md, 2rem);max-width:var( --global-content-width, 1440px );padding-left:var(--global-content-edge-padding);padding-right:var(--global-content-edge-padding);padding-top:var(--global-kb-spacing-xl, 4rem);padding-bottom:var(--global-kb-spacing-5xl, 10rem);grid-template-columns:minmax(0, 1fr);}.kb-row-layout-id482_5b0405-36{border-top-left-radius:0px;border-top-right-radius:0px;border-bottom-right-radius:0px;border-bottom-left-radius:0px;}.kb-row-layout-id482_5b0405-36{background-image:url('https:\/\/ecityup.pl\/info\/wp-content\/uploads\/2025\/09\/BG.png');background-size:cover;background-position:50% 0%;background-attachment:scroll;background-repeat:no-repeat;}.kb-row-layout-id482_5b0405-36 > .kt-row-layout-overlay{opacity:0.30;}@media all and (max-width: 1024px){.kb-row-layout-id482_5b0405-36 > .kt-row-column-wrap{grid-template-columns:minmax(0, 1fr);}}@media all and (max-width: 767px){.kb-row-layout-id482_5b0405-36 > .kt-row-column-wrap{grid-template-columns:minmax(0, 1fr);}}<\/style><div class=\"kb-row-layout-wrap kb-row-layout-id482_5b0405-36 alignnone has-theme-palette3-background-color kt-row-has-bg wp-block-kadence-rowlayout\"><div class=\"kt-row-column-wrap kt-has-1-columns kt-row-layout-equal kt-tab-layout-inherit kt-mobile-layout-row kt-row-valign-top kb-theme-content-width\">\n<style>.kadence-column482_b93887-c9 > .kt-inside-inner-col{display:flex;}.kadence-column482_b93887-c9 > .kt-inside-inner-col{padding-bottom:var(--global-kb-spacing-md, 2rem);}.kadence-column482_b93887-c9 > .kt-inside-inner-col,.kadence-column482_b93887-c9 > .kt-inside-inner-col:before{border-top-left-radius:0px;border-top-right-radius:0px;border-bottom-right-radius:0px;border-bottom-left-radius:0px;}.kadence-column482_b93887-c9 > .kt-inside-inner-col{column-gap:var(--global-kb-gap-sm, 1rem);}.kadence-column482_b93887-c9 > .kt-inside-inner-col{flex-direction:column;justify-content:center;align-items:center;}.kadence-column482_b93887-c9 > .kt-inside-inner-col > .kb-image-is-ratio-size{align-self:stretch;}.kadence-column482_b93887-c9 > .kt-inside-inner-col > .wp-block-kadence-advancedgallery{align-self:stretch;}.kadence-column482_b93887-c9 > .kt-inside-inner-col > .aligncenter{width:100%;}.kt-row-column-wrap > .kadence-column482_b93887-c9{align-self:center;}.kt-inner-column-height-full:not(.kt-has-1-columns) > .wp-block-kadence-column.kadence-column482_b93887-c9{align-self:auto;}.kt-inner-column-height-full:not(.kt-has-1-columns) > .wp-block-kadence-column.kadence-column482_b93887-c9 > .kt-inside-inner-col{flex-direction:column;justify-content:center;}.kadence-column482_b93887-c9 > .kt-inside-inner-col:before{opacity:0.3;}.kadence-column482_b93887-c9{position:relative;}@media all and (max-width: 1024px){.kt-row-column-wrap > .kadence-column482_b93887-c9{align-self:center;}}@media all and (max-width: 1024px){.kt-inner-column-height-full:not(.kt-has-1-columns) > .wp-block-kadence-column.kadence-column482_b93887-c9{align-self:auto;}}@media all and (max-width: 1024px){.kt-inner-column-height-full:not(.kt-has-1-columns) > .wp-block-kadence-column.kadence-column482_b93887-c9 > .kt-inside-inner-col{flex-direction:column;justify-content:center;}}@media all and (max-width: 1024px){.kadence-column482_b93887-c9 > .kt-inside-inner-col{flex-direction:column;justify-content:center;align-items:center;}}@media all and (max-width: 767px){.kt-row-column-wrap > .kadence-column482_b93887-c9{align-self:center;}.kt-inner-column-height-full:not(.kt-has-1-columns) > .wp-block-kadence-column.kadence-column482_b93887-c9{align-self:auto;}.kt-inner-column-height-full:not(.kt-has-1-columns) > .wp-block-kadence-column.kadence-column482_b93887-c9 > .kt-inside-inner-col{flex-direction:column;justify-content:center;}.kadence-column482_b93887-c9 > .kt-inside-inner-col{flex-direction:column;justify-content:center;align-items:center;}}<\/style>\n<div class=\"wp-block-kadence-column kadence-column482_b93887-c9 kb-section-dir-vertical\"><div class=\"kt-inside-inner-col\">\n<div style=\"height:120px\" aria-hidden=\"true\" class=\"wp-block-spacer\"><\/div>\n\n\n<style>.wp-block-kadence-advancedheading.kt-adv-heading482_5bfea3-eb, .wp-block-kadence-advancedheading.kt-adv-heading482_5bfea3-eb[data-kb-block=\"kb-adv-heading482_5bfea3-eb\"]{padding-top:0px;padding-bottom:0px;margin-top:0px;margin-bottom:0px;text-align:center;font-size:var(--global-kb-font-size-xxl, 4rem);line-height:1;font-weight:700;font-style:italic;font-family:Lora;}.wp-block-kadence-advancedheading.kt-adv-heading482_5bfea3-eb mark.kt-highlight, .wp-block-kadence-advancedheading.kt-adv-heading482_5bfea3-eb[data-kb-block=\"kb-adv-heading482_5bfea3-eb\"] mark.kt-highlight{font-style:normal;color:#f76a0c;-webkit-box-decoration-break:clone;box-decoration-break:clone;padding-top:0px;padding-right:0px;padding-bottom:0px;padding-left:0px;}.wp-block-kadence-advancedheading.kt-adv-heading482_5bfea3-eb img.kb-inline-image, .wp-block-kadence-advancedheading.kt-adv-heading482_5bfea3-eb[data-kb-block=\"kb-adv-heading482_5bfea3-eb\"] img.kb-inline-image{width:150px;vertical-align:baseline;}<\/style>\n<h1 class=\"kt-adv-heading482_5bfea3-eb wp-block-kadence-advancedheading has-theme-palette-3-color has-text-color\" data-kb-block=\"kb-adv-heading482_5bfea3-eb\">Polityka cookies<\/h1>\n\n\n\n<div style=\"height:400px\" aria-hidden=\"true\" class=\"wp-block-spacer\"><\/div>\n<\/div><\/div>\n\n<\/div><\/div>\n\n<style>.kb-row-layout-id482_23c6b8-a1 > .kt-row-column-wrap{align-content:start;}:where(.kb-row-layout-id482_23c6b8-a1 > .kt-row-column-wrap) > .wp-block-kadence-column{justify-content:start;}.kb-row-layout-id482_23c6b8-a1 > .kt-row-column-wrap{column-gap:var(--global-kb-gap-md, 2rem);row-gap:var(--global-kb-gap-md, 2rem);max-width:var( --global-content-width, 1440px );padding-left:var(--global-content-edge-padding);padding-right:var(--global-content-edge-padding);padding-top:var(--global-kb-spacing-xl, 4rem);padding-bottom:var(--global-kb-spacing-xl, 4rem);grid-template-columns:minmax(0, 1fr);}.kb-row-layout-id482_23c6b8-a1 > .kt-row-layout-overlay{opacity:0.30;}@media all and (max-width: 1024px){.kb-row-layout-id482_23c6b8-a1 > .kt-row-column-wrap{grid-template-columns:minmax(0, 1fr);}}@media all and (max-width: 767px){.kb-row-layout-id482_23c6b8-a1 > .kt-row-column-wrap{grid-template-columns:minmax(0, 1fr);}}<\/style><div class=\"kb-row-layout-wrap kb-row-layout-id482_23c6b8-a1 alignnone wp-block-kadence-rowlayout\"><div class=\"kt-row-column-wrap kt-has-1-columns kt-row-layout-equal kt-tab-layout-inherit kt-mobile-layout-row kt-row-valign-top kb-theme-content-width\">\n<style>.kadence-column482_9d2c1e-68 > .kt-inside-inner-col,.kadence-column482_9d2c1e-68 > .kt-inside-inner-col:before{border-top-left-radius:0px;border-top-right-radius:0px;border-bottom-right-radius:0px;border-bottom-left-radius:0px;}.kadence-column482_9d2c1e-68 > .kt-inside-inner-col{column-gap:var(--global-kb-gap-sm, 1rem);}.kadence-column482_9d2c1e-68 > .kt-inside-inner-col{flex-direction:column;}.kadence-column482_9d2c1e-68 > .kt-inside-inner-col > .aligncenter{width:100%;}.kadence-column482_9d2c1e-68 > .kt-inside-inner-col:before{opacity:0.3;}.kadence-column482_9d2c1e-68{position:relative;}@media all and (max-width: 1024px){.kadence-column482_9d2c1e-68 > .kt-inside-inner-col{flex-direction:column;justify-content:center;}}@media all and (max-width: 767px){.kadence-column482_9d2c1e-68 > .kt-inside-inner-col{flex-direction:column;justify-content:center;}}<\/style>\n<div class=\"wp-block-kadence-column kadence-column482_9d2c1e-68\"><div class=\"kt-inside-inner-col\">\n<p class=\"has-link-color wp-elements-68e0174a16b61594c5de6ffd36e574d4\">Niniejsza Polityka prywatno\u015bci okre\u015bla zasady przetwarzania oraz ochrony danych osobowych os\u00f3b korzystaj\u0105cych ze strony internetowej <a href=\"https:\/\/ecityup.pl\/\">https:\/\/ecityup.pl\/<\/a> zwanej dalej \u201eStron\u0105\u201d<\/p>\n\n\n\n<p><strong>Kto przetwarza Twoje dane?<\/strong><\/p>\n\n\n\n<p>Administratorem danych osobowych w formularzu kontaktowym jest sp\u00f3\u0142ka PJK Soft sp. z o.o., ul. Innowacyjna 1, 16-400 Suwa\u0142ki, NIP 8442389430<\/p>\n\n\n\n<p class=\"has-link-color wp-elements-606530a7cec5995dce0d3f69bed8f2ab\">Kontakt z administratorem danych osobowych jest mo\u017cliwy za po\u015brednictwem poczty e-mail pod adresem:\u00a0<a href=\"mailto:kontakt@ecityup.pl\">kontakt@ecityup.pl<\/a><\/p>\n\n\n\n<p>PJK SOFT sp. z o.o. jako administrator danych osobowych u\u017cytkownik\u00f3w, zbieraj\u0105c i przetwarzaj\u0105c dane osobowe u\u017cytkownik\u00f3w stosuje zasady wynikaj\u0105ce z&nbsp;obowi\u0105zuj\u0105cych w zakresie ochrony danych osobowych przepis\u00f3w, tj.:<\/p>\n\n\n\n<ul class=\"wp-block-list\">\n<li>minimalizacji danych osobowych i ograniczenia celu przetwarzania,<\/li>\n\n\n\n<li>przetwarzania danych zgodnie z prawem, rzetelnie i w spos\u00f3b przejrzysty,<\/li>\n\n\n\n<li>integralno\u015bci i poufno\u015bci przetwarzanych danych osobowych,<\/li>\n\n\n\n<li>ograniczenia czasu przetwarzania i przechowywania danych do niezb\u0119dnego minimum.<\/li>\n<\/ul>\n\n\n\n<p><strong>Rodzaj danych i cel ich przetwarzania.<\/strong><\/p>\n\n\n\n<p>Za po\u015brednictwem formularza kontaktowego na Stronie mog\u0105 by\u0107 zbierane nast\u0119puj\u0105ce dane osobowe:<\/p>\n\n\n\n<ol style=\"list-style-type:lower-alpha\" class=\"wp-block-list\">\n<li>imi\u0119 i nazwisko,<\/li>\n\n\n\n<li>adres e-mail,<\/li>\n\n\n\n<li>numer telefonu,<\/li>\n\n\n\n<li>tre\u015b\u0107 wiadomo\u015bci przes\u0142anej przez u\u017cytkownika.<\/li>\n<\/ol>\n\n\n\n<p>Podanie danych jest dobrowolne, lecz niezb\u0119dne do przes\u0142ania zapytania i uzyskania odpowiedzi.<\/p>\n\n\n\n<p>Dane osobowe przetwarzane s\u0105 w celu:<\/p>\n\n\n\n<ol style=\"list-style-type:lower-alpha\" class=\"wp-block-list\">\n<li>umo\u017cliwienia kontaktu z Administratorem poprzez formularz kontaktowy,<\/li>\n\n\n\n<li>udzielenia odpowiedzi na zapytanie u\u017cytkownika,<\/li>\n\n\n\n<li>ewentualnego prowadzenia dalszej korespondencji dotycz\u0105cej sprawy, kt\u00f3rej dotyczy zapytanie.<\/li>\n<\/ol>\n\n\n\n<p>Podstaw\u0105 prawn\u0105 przetwarzania danych jest art. 6 ust. 1 lit. f RODO \u2013 prawnie uzasadniony interes Administratora polegaj\u0105cy na obs\u0142udze korespondencji oraz utrzymaniu kontaktu z osobami korzystaj\u0105cymi ze Strony.<\/p>\n\n\n\n<p><strong>Komu przekazujemy Twoje dane?<\/strong><\/p>\n\n\n\n<p>Dost\u0119p do danych, na podstawie stosownych um\u00f3w, mog\u0105 mie\u0107 r\u00f3wnie\u017c dostawcy us\u0142ug hostingowych oraz dostawcom system\u00f3w informatycznych wykorzystywanych do obs\u0142ugi Strony.<\/p>\n\n\n\n<p><strong>Twoje prawa<\/strong><\/p>\n\n\n\n<p>W przypadkach i na zasadach okre\u015blonych w przepisach o ochronie danych osobowych masz prawo do uzyskania dost\u0119pu do swoich danych, ich sprostowania, usuni\u0119cia, ograniczenia ich przetwarzania, wniesienia sprzeciwu wobec przetwarzania danych osobowych opartego na postawie prawnej w postaci uzasadnionych wymog\u00f3w administratora oraz przenoszenia danych osobowych.<\/p>\n\n\n\n<p>Przys\u0142uguje Ci r\u00f3wnie\u017c prawo do wniesienia skargi do w\u0142a\u015bciwego organu nadzorczego, wskazanego w aktualnie obowi\u0105zuj\u0105cej ustawie reguluj\u0105cej zasady ochrony danych osobowych &#8211; Prezesa Urz\u0119du Ochrony Danych Osobowych, ul. Stawki 2, 00-193 Warszawa.<\/p>\n\n\n\n<p><strong>Okres przetwarzania danych<\/strong><\/p>\n\n\n\n<p>Dane osobowe b\u0119d\u0105 przetwarzane przez okres niezb\u0119dny do realizacji celu, dla kt\u00f3rego zosta\u0142y zebrane \u2013 tj. do zako\u0144czenia korespondencji z u\u017cytkownikiem.<\/p>\n\n\n\n<p>Po tym okresie dane mog\u0105 by\u0107 przechowywane przez czas odpowiadaj\u0105cy okresowi przedawnienia ewentualnych roszcze\u0144 lub przez okres wymagany przepisami prawa.<\/p>\n\n\n\n<p><strong>Bezpiecze\u0144stwo Twoich danych<\/strong><\/p>\n\n\n\n<p>Administrator, nie przetwarza Twoich danych osobowe w spos\u00f3b zautomatyzowany, kt\u00f3ry m\u00f3g\u0142by skutkowa\u0107 zautomatyzowanym podejmowaniem decyzji, w tym decyzji opartych na profilowaniu.<\/p>\n\n\n\n<p>Dane osobowe nie s\u0105 przekazywane od kraj\u00f3w trzecich w rozumieniu przepis\u00f3w o ochronie danych osobowych. Oznacza to, \u017ce nie przesy\u0142amy ich poza teren Unii Europejskiej.<\/p>\n\n\n\n<p>W trosce o bezpiecze\u0144stwo powierzonych nam danych opracowali\u015bmy wewn\u0119trzne procedury i zalecenia, kt\u00f3re maj\u0105 zapobiec udost\u0119pnieniu danych osobom nieupowa\u017cnionym. Kontrolujemy ich wykonywanie i stale sprawdzamy ich zgodno\u015b\u0107 z odpowiednimi aktami prawnymi &#8211; ustaw\u0105 o ochronie danych osobowych, ustaw\u0105 o \u015bwiadczeniu us\u0142ug drog\u0105 elektroniczn\u0105, a tak\u017ce wszelkiego rodzaju aktach wykonawczych i aktach prawa wsp\u00f3lnotowego a w szczeg\u00f3lno\u015bci Rozporz\u0105dzeniem Parlamentu Europejskiego i Rady (UE) 2016\/679 z dnia 27 kwietnia 2016 r. w sprawie ochrony os\u00f3b fizycznych w zwi\u0105zku z przetwarzaniem danych osobowych i w sprawie swobodnego przep\u0142ywu takich danych oraz uchylenia dyrektywy 95\/46\/WE (og\u00f3lne rozporz\u0105dzenie o ochronie danych) (Dz.U.UE.L.2016.119.1 z dnia 04.05.2016) zwanym RODO.<\/p>\n\n\n\n<p><strong>Zmiany Polityki prywatno\u015bci<\/strong><\/p>\n\n\n\n<p>Administrator zastrzega sobie prawo do wprowadzania zmian w niniejszej Polityce prywatno\u015bci, przy czym ka\u017cda zmiana zostanie opublikowana na tej Stronie z odpowiednim oznaczeniem daty aktualizacji.<\/p>\n\n\n\n<p><strong>Informacja o plikach \u201ecookies\u201d<\/strong><\/p>\n\n\n\n<p>Strona korzysta z plik\u00f3w cookies.<\/p>\n\n\n\n<p>Pliki cookies (tzw. \u201eciasteczka\u201d) stanowi\u0105 dane informatyczne, w szczeg\u00f3lno\u015bci pliki tekstowe, kt\u00f3re przechowywane s\u0105 w urz\u0105dzeniu ko\u0144cowym U\u017cytkownika Strony i przeznaczone s\u0105 do korzystania ze stron internetowych. Cookies zazwyczaj zawieraj\u0105 nazw\u0119 strony internetowej, z kt\u00f3rej pochodz\u0105, czas przechowywania ich na urz\u0105dzeniu ko\u0144cowym oraz unikalny numer.<\/p>\n\n\n\n<p>Podmiotem zamieszczaj\u0105cym na urz\u0105dzeniu ko\u0144cowym U\u017cytkownika strony pliki cookies oraz uzyskuj\u0105cym do nich dost\u0119p jest Administrator.<\/p>\n\n\n\n<p>Pliki cookies wykorzystywane s\u0105 w nast\u0119puj\u0105cych celach:<\/p>\n\n\n\n<ul class=\"wp-block-list\">\n<li>utrzymanie sesji u\u017cytkownika Strony (po zalogowaniu),<\/li>\n\n\n\n<li>do tworzenia anonimowych statystyk z wy\u0142\u0105czeniem mo\u017cliwo\u015bci identyfikacji u\u017cytkownika,<\/li>\n\n\n\n<li>prowadzenia kampanii reklamowych.<\/li>\n<\/ul>\n\n\n\n<p>W ramach Strony stosowane s\u0105 nast\u0119puj\u0105ce rodzaje plik\u00f3w cookies:<\/p>\n\n\n\n<ol style=\"list-style-type:lower-alpha\" class=\"wp-block-list\">\n<li>\u201esesyjne\u201d (session cookies),<\/li>\n\n\n\n<li>\u201esta\u0142e\u201d (persistent cookies),<\/li>\n\n\n\n<li>reklamowe,<\/li>\n\n\n\n<li>podmiot\u00f3w trzecich \u2013 dostawc\u00f3w us\u0142ug analitycznych ustawiane przez inne serwisy jak np. Google Analitics, Facebook, LinkedIn, Hotjar.<\/li>\n<\/ol>\n\n\n\n<p>Cookies \u201esesyjne\u201d s\u0105 plikami tymczasowymi, kt\u00f3re przechowywane s\u0105 w urz\u0105dzeniu ko\u0144cowym U\u017cytkownika do czasu wylogowania, opuszczenia strony internetowej lub wy\u0142\u0105czenia oprogramowania (przegl\u0105darki internetowej). \u201eSta\u0142e\u201d pliki cookies przechowywane s\u0105 w urz\u0105dzeniu ko\u0144cowym U\u017cytkownika przez czas okre\u015blony w parametrach plik\u00f3w cookies lub do czasu ich usuni\u0119cia przez U\u017cytkownika.<\/p>\n\n\n\n<p>Cookies reklamowes\u0105 u\u017cywane do dostarczania u\u017cytkownikom reklam, kt\u00f3re s\u0105 bardziej dostosowane do ich zainteresowa\u0144. Mog\u0105 r\u00f3wnie\u017c by\u0107 u\u017cywane do ograniczania liczby wy\u015bwietle\u0144 danej reklamy oraz do mierzenia skuteczno\u015bci kampanii reklamowych. Pliki te zazwyczaj s\u0105 umieszczane przez sieci reklamowe za zgod\u0105 operatora strony internetowej.<\/p>\n\n\n\n<p>W niekt\u00f3rych przypadkach korzystamy z plik\u00f3w cookies dostarczanych przez zaufane podmioty trzecie. Cookies podmiot\u00f3w trzecich maj\u0105 pom\u00f3c nam zrozumie\u0107, w jaki spos\u00f3b korzystaj\u0105 u\u017cytkownicy z naszej strony internetowej. Pliki te mog\u0105 \u015bledzi\u0107 na przyk\u0142ad, jak d\u0142ugo u\u017cytkownik sp\u0119dza na stronie oraz kt\u00f3re strony odwiedza, co pomaga w ulepszaniu tre\u015bci zamieszczanych na stronie internetowej.<\/p>\n\n\n\n<p>Oprogramowanie do przegl\u0105dania stron internetowych (przegl\u0105darka internetowa) zazwyczaj domy\u015blnie dopuszcza przechowywanie plik\u00f3w cookies w urz\u0105dzeniu ko\u0144cowym U\u017cytkownika. U\u017cytkownicy Strony mog\u0105 dokona\u0107 zmiany ustawie\u0144 w tym zakresie. Przegl\u0105darka internetowa umo\u017cliwia usuni\u0119cie plik\u00f3w cookies. Mo\u017cliwe jest tak\u017ce automatyczne blokowanie plik\u00f3w cookies Szczeg\u00f3\u0142owe informacje na ten temat zawiera pomoc lub dokumentacja przegl\u0105darki internetowej.<\/p>\n\n\n\n<p>Ograniczenia stosowania plik\u00f3w cookies mog\u0105 wp\u0142yn\u0105\u0107 na niekt\u00f3re funkcjonalno\u015bci dost\u0119pne na Stronie.<\/p>\n\n\n\n<p>Je\u015bli u\u017cytkownik nie chce otrzymywa\u0107 plik\u00f3w cookies, mo\u017ce zmieni\u0107 ustawienia przegl\u0105darki.<\/p>\n\n\n\n<p>Instrukcje dotycz\u0105ce zarz\u0105dzania plikami cookies w poszczeg\u00f3lnych przegl\u0105darkach internetowych mo\u017cna znale\u017a\u0107 na poni\u017cszych stronach:<\/p>\n\n\n\n<ul class=\"wp-block-list\">\n<li class=\"has-link-color wp-elements-a9960d3a916fe2c2ccf25db2f25c8dbd\">Google Chrome: <a href=\"https:\/\/support.google.com\/chrome\/answer\/95647?hl=pl\">Link do instrukcji<\/a><\/li>\n\n\n\n<li class=\"has-link-color wp-elements-c77c3154868e48339967cd59df4119da\">Mozilla Firefox:<a href=\"https:\/\/support.mozilla.org\/pl\/kb\/ciasteczka\"> Link do instrukcji<\/a><\/li>\n\n\n\n<li class=\"has-link-color wp-elements-4abda156656ffed82ffeea8f0c344370\">Microsoft Edge:<a href=\"https:\/\/support.microsoft.com\/pl-pl\/help\/4027947\/microsoft-edge-delete-cookies\"> Link do instrukcji<\/a><\/li>\n\n\n\n<li class=\"has-link-color wp-elements-91a088ec4ebe4532b9c2da248ad6a054\">Safari:<a href=\"https:\/\/support.apple.com\/pl-pl\/guide\/safari\/sfri11471\/mac\"> Link do instrukcji<\/a><\/li>\n<\/ul>\n\n\n\n<p>Zastrzegamy, \u017ce wy\u0142\u0105czenie obs\u0142ugi plik\u00f3w cookies niezb\u0119dnych dla proces\u00f3w uwierzytelniania, bezpiecze\u0144stwa, utrzymania preferencji u\u017cytkownika mo\u017ce utrudni\u0107, a w skrajnych przypadkach mo\u017ce uniemo\u017cliwi\u0107 korzystanie ze strony www.<\/p>\n<\/div><\/div>\n\n<\/div><\/div>\n\n\n<p><\/p>\n","protected":false},"excerpt":{"rendered":"<p>Polityka cookies Niniejsza Polityka prywatno\u015bci okre\u015bla zasady przetwarzania oraz ochrony danych osobowych os\u00f3b korzystaj\u0105cych ze strony internetowej https:\/\/ecityup.pl\/ zwanej dalej \u201eStron\u0105\u201d Kto przetwarza Twoje dane? Administratorem danych osobowych w formularzu kontaktowym jest sp\u00f3\u0142ka PJK Soft sp. z o.o., ul. Innowacyjna 1, 16-400 Suwa\u0142ki, NIP 8442389430 Kontakt z administratorem danych osobowych jest mo\u017cliwy za po\u015brednictwem poczty&#8230;<\/p>\n","protected":false},"author":1,"featured_media":0,"parent":0,"menu_order":0,"comment_status":"closed","ping_status":"closed","template":"","meta":{"_seopress_robots_primary_cat":"","_seopress_titles_title":"Polityka cookies eCityUp","_seopress_titles_desc":"Zapoznaj si\u0119 z polityk\u0105 cookies eCityUp. Dowiedz si\u0119, jak bezpiecznie przetwarzamy Twoje dane osobowe i zapewniamy pe\u0142n\u0105 zgodno\u015b\u0107 z RODO.","_seopress_robots_index":"","inline_featured_image":false,"_kad_post_transparent":"","_kad_post_title":"","_kad_post_layout":"fullwidth","_kad_post_sidebar_id":"","_kad_post_content_style":"","_kad_post_vertical_padding":"","_kad_post_feature":"","_kad_post_feature_position":"","_kad_post_header":false,"_kad_post_footer":false,"_kad_post_classname":"","footnotes":""},"class_list":["post-482","page","type-page","status-publish","hentry"],"_links":{"self":[{"href":"https:\/\/ecityup.pl\/info\/wp-json\/wp\/v2\/pages\/482","targetHints":{"allow":["GET"]}}],"collection":[{"href":"https:\/\/ecityup.pl\/info\/wp-json\/wp\/v2\/pages"}],"about":[{"href":"https:\/\/ecityup.pl\/info\/wp-json\/wp\/v2\/types\/page"}],"author":[{"embeddable":true,"href":"https:\/\/ecityup.pl\/info\/wp-json\/wp\/v2\/users\/1"}],"replies":[{"embeddable":true,"href":"https:\/\/ecityup.pl\/info\/wp-json\/wp\/v2\/comments?post=482"}],"version-history":[{"count":1,"href":"https:\/\/ecityup.pl\/info\/wp-json\/wp\/v2\/pages\/482\/revisions"}],"predecessor-version":[{"id":483,"href":"https:\/\/ecityup.pl\/info\/wp-json\/wp\/v2\/pages\/482\/revisions\/483"}],"wp:attachment":[{"href":"https:\/\/ecityup.pl\/info\/wp-json\/wp\/v2\/media?parent=482"}],"curies":[{"name":"wp","href":"https:\/\/api.w.org\/{rel}","templated":true}]}}